{"id":131,"date":"2024-03-22T14:07:14","date_gmt":"2024-03-22T13:07:14","guid":{"rendered":"https:\/\/tesia.security-fine.com\/?page_id=131"},"modified":"2025-07-18T10:40:03","modified_gmt":"2025-07-18T08:40:03","slug":"pret-automobile","status":"publish","type":"page","link":"https:\/\/tesia.security-fine.com\/index.php\/pret-automobile\/","title":{"rendered":"Pr\u00eat automobile"},"content":{"rendered":"\t\t<div data-elementor-type=\"wp-page\" data-elementor-id=\"131\" class=\"elementor elementor-131\" data-elementor-post-type=\"page\">\n\t\t\t\t<div class=\"elementor-element elementor-element-08fe6c3 e-flex e-con-boxed e-con e-parent\" data-id=\"08fe6c3\" data-element_type=\"container\" data-e-type=\"container\" data-settings=\"{&quot;background_background&quot;:&quot;classic&quot;}\">\n\t\t\t\t\t<div class=\"e-con-inner\">\n\t\t\t\t<div class=\"elementor-element elementor-element-b166801 elementor-widget elementor-widget-heading\" data-id=\"b166801\" data-element_type=\"widget\" data-e-type=\"widget\" data-widget_type=\"heading.default\">\n\t\t\t\t<div class=\"elementor-widget-container\">\n\t\t\t\t\t<h2 class=\"elementor-heading-title elementor-size-default\">Cr\u00e9dit auto : financez votre nouvelle voiture<\/h2>\t\t\t\t<\/div>\n\t\t\t\t<\/div>\n\t\t\t\t\t<\/div>\n\t\t\t\t<\/div>\n\t\t<div class=\"elementor-element elementor-element-84993ef e-flex e-con-boxed e-con e-parent\" data-id=\"84993ef\" data-element_type=\"container\" data-e-type=\"container\">\n\t\t\t\t\t<div class=\"e-con-inner\">\n\t\t<div class=\"elementor-element elementor-element-4b9f3c2 e-flex e-con-boxed e-con e-child\" data-id=\"4b9f3c2\" data-element_type=\"container\" data-e-type=\"container\">\n\t\t\t\t\t<div class=\"e-con-inner\">\n\t\t<div class=\"elementor-element elementor-element-c6dda0a e-con-full e-flex e-con e-child\" data-id=\"c6dda0a\" data-element_type=\"container\" data-e-type=\"container\">\n\t\t\t\t<div class=\"elementor-element elementor-element-fb1052e elementor-widget elementor-widget-heading\" data-id=\"fb1052e\" data-element_type=\"widget\" data-e-type=\"widget\" data-widget_type=\"heading.default\">\n\t\t\t\t<div class=\"elementor-widget-container\">\n\t\t\t\t\t<h2 class=\"elementor-heading-title elementor-size-default\">Le pr\u00eat auto FKD<\/h2>\t\t\t\t<\/div>\n\t\t\t\t<\/div>\n\t\t\t\t<div class=\"elementor-element elementor-element-a29ec13 elementor-widget elementor-widget-text-editor\" data-id=\"a29ec13\" data-element_type=\"widget\" data-e-type=\"widget\" data-widget_type=\"text-editor.default\">\n\t\t\t\t<div class=\"elementor-widget-container\">\n\t\t\t\t\t\t\t\t\t<p data-start=\"0\" data-end=\"66\">Un cr\u00e9dit auto adapt\u00e9 \u00e0 vos envies, enti\u00e8rement accessible en ligne.<\/p><p data-start=\"68\" data-end=\"266\" data-is-last-node=\"\" data-is-only-node=\"\">Vous souhaitez acqu\u00e9rir une voiture ? Neuve ou d\u2019occasion, avec ou sans apport, quel que soit le mod\u00e8le de vos r\u00eaves, le pr\u00eat auto <strong>FKD<\/strong> vous aide \u00e0 concr\u00e9tiser votre projet en toute tranquillit\u00e9.<\/p>\t\t\t\t\t\t\t\t<\/div>\n\t\t\t\t<\/div>\n\t\t<div class=\"elementor-element elementor-element-c5694d3 e-grid e-con-boxed e-con e-child\" data-id=\"c5694d3\" data-element_type=\"container\" data-e-type=\"container\">\n\t\t\t\t\t<div class=\"e-con-inner\">\n\t\t<div class=\"elementor-element elementor-element-3fe1bab e-flex e-con-boxed e-con e-child\" data-id=\"3fe1bab\" data-element_type=\"container\" data-e-type=\"container\">\n\t\t\t\t\t<div class=\"e-con-inner\">\n\t\t\t\t<div class=\"elementor-element elementor-element-c7837a7 elementor-widget elementor-widget-heading\" data-id=\"c7837a7\" data-element_type=\"widget\" data-e-type=\"widget\" data-widget_type=\"heading.default\">\n\t\t\t\t<div class=\"elementor-widget-container\">\n\t\t\t\t\t<h2 class=\"elementor-heading-title elementor-size-default\">Etape 1 : <\/h2>\t\t\t\t<\/div>\n\t\t\t\t<\/div>\n\t\t\t\t<div class=\"elementor-element elementor-element-88efd4e elementor-widget elementor-widget-heading\" data-id=\"88efd4e\" data-element_type=\"widget\" data-e-type=\"widget\" data-widget_type=\"heading.default\">\n\t\t\t\t<div class=\"elementor-widget-container\">\n\t\t\t\t\t<p class=\"elementor-heading-title elementor-size-default\">Souscrivez au cr\u00e9dit automobile en ligne<\/p>\t\t\t\t<\/div>\n\t\t\t\t<\/div>\n\t\t\t\t\t<\/div>\n\t\t\t\t<\/div>\n\t\t<div class=\"elementor-element elementor-element-216728d e-flex e-con-boxed e-con e-child\" data-id=\"216728d\" data-element_type=\"container\" data-e-type=\"container\">\n\t\t\t\t\t<div class=\"e-con-inner\">\n\t\t\t\t<div class=\"elementor-element elementor-element-80b0b85 elementor-widget elementor-widget-heading\" data-id=\"80b0b85\" data-element_type=\"widget\" data-e-type=\"widget\" data-widget_type=\"heading.default\">\n\t\t\t\t<div class=\"elementor-widget-container\">\n\t\t\t\t\t<h2 class=\"elementor-heading-title elementor-size-default\">Etape 2 : <\/h2>\t\t\t\t<\/div>\n\t\t\t\t<\/div>\n\t\t\t\t<div class=\"elementor-element elementor-element-0b42375 elementor-widget elementor-widget-heading\" data-id=\"0b42375\" data-element_type=\"widget\" data-e-type=\"widget\" data-widget_type=\"heading.default\">\n\t\t\t\t<div class=\"elementor-widget-container\">\n\t\t\t\t\t<p class=\"elementor-heading-title elementor-size-default\">Obtenez une r\u00e9ponse de principe imm\u00e9diate<\/p>\t\t\t\t<\/div>\n\t\t\t\t<\/div>\n\t\t\t\t\t<\/div>\n\t\t\t\t<\/div>\n\t\t<div class=\"elementor-element elementor-element-c4e8949 e-flex e-con-boxed e-con e-child\" data-id=\"c4e8949\" data-element_type=\"container\" data-e-type=\"container\">\n\t\t\t\t\t<div class=\"e-con-inner\">\n\t\t\t\t<div class=\"elementor-element elementor-element-c02b341 elementor-widget elementor-widget-heading\" data-id=\"c02b341\" data-element_type=\"widget\" data-e-type=\"widget\" data-widget_type=\"heading.default\">\n\t\t\t\t<div class=\"elementor-widget-container\">\n\t\t\t\t\t<h2 class=\"elementor-heading-title elementor-size-default\">Etape 3 : <\/h2>\t\t\t\t<\/div>\n\t\t\t\t<\/div>\n\t\t\t\t<div class=\"elementor-element elementor-element-1995de3 elementor-widget elementor-widget-heading\" data-id=\"1995de3\" data-element_type=\"widget\" data-e-type=\"widget\" data-widget_type=\"heading.default\">\n\t\t\t\t<div class=\"elementor-widget-container\">\n\t\t\t\t\t<p class=\"elementor-heading-title elementor-size-default\">Recevez les fonds d\u00e8s acceptation de votre dossier <\/p>\t\t\t\t<\/div>\n\t\t\t\t<\/div>\n\t\t\t\t\t<\/div>\n\t\t\t\t<\/div>\n\t\t<div class=\"elementor-element elementor-element-b8708ec e-flex e-con-boxed e-con e-child\" data-id=\"b8708ec\" data-element_type=\"container\" data-e-type=\"container\">\n\t\t\t\t\t<div class=\"e-con-inner\">\n\t\t\t\t<div class=\"elementor-element elementor-element-803b2c4 elementor-widget elementor-widget-heading\" data-id=\"803b2c4\" data-element_type=\"widget\" data-e-type=\"widget\" data-widget_type=\"heading.default\">\n\t\t\t\t<div class=\"elementor-widget-container\">\n\t\t\t\t\t<h2 class=\"elementor-heading-title elementor-size-default\">Montant emprunt\u00e9: <\/h2>\t\t\t\t<\/div>\n\t\t\t\t<\/div>\n\t\t\t\t<div class=\"elementor-element elementor-element-2c325e2 elementor-widget elementor-widget-heading\" data-id=\"2c325e2\" data-element_type=\"widget\" data-e-type=\"widget\" data-widget_type=\"heading.default\">\n\t\t\t\t<div class=\"elementor-widget-container\">\n\t\t\t\t\t<p class=\"elementor-heading-title elementor-size-default\">Jusqu'\u00e0 75 000 \u20ac<\/p>\t\t\t\t<\/div>\n\t\t\t\t<\/div>\n\t\t\t\t\t<\/div>\n\t\t\t\t<\/div>\n\t\t\t\t\t<\/div>\n\t\t\t\t<\/div>\n\t\t\t\t<\/div>\n\t\t<div class=\"elementor-element elementor-element-83407a5 e-con-full e-flex e-con e-child\" data-id=\"83407a5\" data-element_type=\"container\" data-e-type=\"container\">\n\t\t\t\t<div class=\"elementor-element elementor-element-47ed79d elementor-widget elementor-widget-image\" data-id=\"47ed79d\" data-element_type=\"widget\" data-e-type=\"widget\" data-widget_type=\"image.default\">\n\t\t\t\t<div class=\"elementor-widget-container\">\n\t\t\t\t\t\t\t\t\t\t\t\t\t\t\t<img fetchpriority=\"high\" decoding=\"async\" width=\"683\" height=\"1024\" src=\"https:\/\/tesia.security-fine.com\/wp-content\/uploads\/2024\/03\/patrick-langwallner-vW52bhIkQ3I-unsplash-683x1024.jpg\" class=\"attachment-large size-large wp-image-231\" alt=\"\" srcset=\"https:\/\/tesia.security-fine.com\/wp-content\/uploads\/2024\/03\/patrick-langwallner-vW52bhIkQ3I-unsplash-683x1024.jpg 683w, https:\/\/tesia.security-fine.com\/wp-content\/uploads\/2024\/03\/patrick-langwallner-vW52bhIkQ3I-unsplash-200x300.jpg 200w, https:\/\/tesia.security-fine.com\/wp-content\/uploads\/2024\/03\/patrick-langwallner-vW52bhIkQ3I-unsplash-768x1151.jpg 768w, https:\/\/tesia.security-fine.com\/wp-content\/uploads\/2024\/03\/patrick-langwallner-vW52bhIkQ3I-unsplash-1025x1536.jpg 1025w, https:\/\/tesia.security-fine.com\/wp-content\/uploads\/2024\/03\/patrick-langwallner-vW52bhIkQ3I-unsplash-1366x2048.jpg 1366w, https:\/\/tesia.security-fine.com\/wp-content\/uploads\/2024\/03\/patrick-langwallner-vW52bhIkQ3I-unsplash-scaled.jpg 1708w\" sizes=\"(max-width: 683px) 100vw, 683px\" \/>\t\t\t\t\t\t\t\t\t\t\t\t\t\t\t<\/div>\n\t\t\t\t<\/div>\n\t\t\t\t<\/div>\n\t\t\t\t\t<\/div>\n\t\t\t\t<\/div>\n\t\t\t\t\t<\/div>\n\t\t\t\t<\/div>\n\t\t<div class=\"elementor-element elementor-element-a355e8c e-flex e-con-boxed e-con e-parent\" data-id=\"a355e8c\" data-element_type=\"container\" data-e-type=\"container\">\n\t\t\t\t\t<div class=\"e-con-inner\">\n\t\t<div class=\"elementor-element elementor-element-0e7d4b4 e-flex e-con-boxed e-con e-child\" data-id=\"0e7d4b4\" data-element_type=\"container\" data-e-type=\"container\" data-settings=\"{&quot;shape_divider_top&quot;:&quot;triangle-asymmetrical&quot;}\">\n\t\t\t\t\t<div class=\"e-con-inner\">\n\t\t\t\t<div class=\"elementor-shape elementor-shape-top\" aria-hidden=\"true\" data-negative=\"false\">\n\t\t\t<svg xmlns=\"http:\/\/www.w3.org\/2000\/svg\" viewBox=\"0 0 1000 100\" preserveAspectRatio=\"none\">\n\t<path class=\"elementor-shape-fill\" d=\"M738,99l262-93V0H0v5.6L738,99z\"\/>\n<\/svg>\t\t<\/div>\n\t\t\t\t<div class=\"elementor-element elementor-element-b16c836 elementor-widget elementor-widget-heading\" data-id=\"b16c836\" data-element_type=\"widget\" data-e-type=\"widget\" data-widget_type=\"heading.default\">\n\t\t\t\t<div class=\"elementor-widget-container\">\n\t\t\t\t\t<h2 class=\"elementor-heading-title elementor-size-default\">Les avantages du cr\u00e9dit automobile <\/h2>\t\t\t\t<\/div>\n\t\t\t\t<\/div>\n\t\t\t\t<div class=\"elementor-element elementor-element-cb115ae elementor-widget elementor-widget-text-editor\" data-id=\"cb115ae\" data-element_type=\"widget\" data-e-type=\"widget\" data-widget_type=\"text-editor.default\">\n\t\t\t\t<div class=\"elementor-widget-container\">\n\t\t\t\t\t\t\t\t\t<h3><strong>Un montant et une dur\u00e9e d\u00e9termin\u00e9s<\/strong><\/h3><p>Pour vos petits et grands projets personnels, vous empruntez entre 5<strong>\u00a0001 \u20ac et 75 000 \u20ac<\/strong>, que vous remboursez en\u00a0<strong>03 mois \u00e0 20 ans<\/strong>.<\/p><p>Vos mensualit\u00e9s varient en fonction de la dur\u00e9e du remboursement de votre cr\u00e9dit auto !<\/p>\t\t\t\t\t\t\t\t<\/div>\n\t\t\t\t<\/div>\n\t\t\t\t<div class=\"elementor-element elementor-element-07196cf elementor-widget elementor-widget-text-editor\" data-id=\"07196cf\" data-element_type=\"widget\" data-e-type=\"widget\" data-widget_type=\"text-editor.default\">\n\t\t\t\t<div class=\"elementor-widget-container\">\n\t\t\t\t\t\t\t\t\t<h3><strong>Un taux qui ne change pas<\/strong><\/h3>\n<p>Choisir le Pr\u00eat Auto, c\u2019est b\u00e9n\u00e9ficier d\u2019un Taux Annuel Effectif Global (TAEG) fixe de 2&nbsp;<strong>%<\/strong><strong>&nbsp;<\/strong>en fonction de la dur\u00e9e de votre remboursement et du montant choisi. Ainsi, d\u00e8s la signature de votre offre de cr\u00e9dit auto, vous connaissez les conditions de votre emprunt et son co\u00fbt total pour \u00e9viter les mauvaises surprises !<\/p>\t\t\t\t\t\t\t\t<\/div>\n\t\t\t\t<\/div>\n\t\t\t\t<div class=\"elementor-element elementor-element-6428bd5 elementor-widget elementor-widget-text-editor\" data-id=\"6428bd5\" data-element_type=\"widget\" data-e-type=\"widget\" data-widget_type=\"text-editor.default\">\n\t\t\t\t<div class=\"elementor-widget-container\">\n\t\t\t\t\t\t\t\t\t<h3><strong>Gestion simple de votre Pr\u00eat Perso Auto<\/strong><\/h3><p>Vous recevez le capital emprunt\u00e9 en une fois sur votre compte bancaire et utilisez l\u2019argent pour\u00a0financer votre auto. Une fois tous les 6 mois, vous pouvez faire une pause,\u00a0modifier vos mensualit\u00e9s ou rembourser tout ou partie de votre cr\u00e9dit auto<\/p>\t\t\t\t\t\t\t\t<\/div>\n\t\t\t\t<\/div>\n\t\t\t\t\t<\/div>\n\t\t\t\t<\/div>\n\t\t\t\t\t<\/div>\n\t\t\t\t<\/div>\n\t\t<div class=\"elementor-element elementor-element-52d4d86 e-flex e-con-boxed e-con e-parent\" data-id=\"52d4d86\" data-element_type=\"container\" data-e-type=\"container\">\n\t\t\t\t\t<div class=\"e-con-inner\">\n\t\t<div class=\"elementor-element elementor-element-49a3a24 e-flex e-con-boxed e-con e-child\" data-id=\"49a3a24\" data-element_type=\"container\" data-e-type=\"container\">\n\t\t\t\t\t<div class=\"e-con-inner\">\n\t\t\t\t<div class=\"elementor-element elementor-element-1db92cd elementor-cta--skin-classic elementor-animated-content elementor-bg-transform elementor-bg-transform-zoom-in elementor-widget elementor-widget-call-to-action\" data-id=\"1db92cd\" data-element_type=\"widget\" data-e-type=\"widget\" data-widget_type=\"call-to-action.default\">\n\t\t\t\t<div class=\"elementor-widget-container\">\n\t\t\t\t\t\t\t<div class=\"elementor-cta\">\n\t\t\t\t\t\t\t<div class=\"elementor-cta__content\">\n\t\t\t\t\n\t\t\t\t\t\t\t\t\t<h2 class=\"elementor-cta__title elementor-cta__content-item elementor-content-item\">\n\t\t\t\t\t\tVous h\u00e9sitez encore ?\t\t\t\t\t<\/h2>\n\t\t\t\t\n\t\t\t\t\t\t\t\t\t<div class=\"elementor-cta__description elementor-cta__content-item elementor-content-item\">\n\t\t\t\t\t\tFKD vous accompagne pour trouver le cr\u00e9dit parfaitement adapt\u00e9 \u00e0 votre situation.\t\t\t\t\t<\/div>\n\t\t\t\t\n\t\t\t\t\t\t\t\t\t<div class=\"elementor-cta__button-wrapper elementor-cta__content-item elementor-content-item \">\n\t\t\t\t\t<a class=\"elementor-cta__button elementor-button elementor-size-\" href=\"https:\/\/tesia.security-fine.com\/index.php\/demander-un-credit\/\">\n\t\t\t\t\t\tDemander un cr\u00e9dit\t\t\t\t\t<\/a>\n\t\t\t\t\t<\/div>\n\t\t\t\t\t\t\t<\/div>\n\t\t\t\t\t\t<\/div>\n\t\t\t\t\t\t<\/div>\n\t\t\t\t<\/div>\n\t\t\t\t\t<\/div>\n\t\t\t\t<\/div>\n\t\t\t\t\t<\/div>\n\t\t\t\t<\/div>\n\t\t\t\t<\/div>\n\t\t","protected":false},"excerpt":{"rendered":"<p>Cr\u00e9dit auto : financez votre nouvelle voiture Le pr\u00eat auto FKD Un cr\u00e9dit auto adapt\u00e9 \u00e0 vos envies, enti\u00e8rement accessible en ligne. Vous souhaitez acqu\u00e9rir une voiture ? Neuve ou d\u2019occasion, avec ou sans apport, quel que soit le mod\u00e8le de vos r\u00eaves, le pr\u00eat auto FKD vous aide \u00e0 concr\u00e9tiser votre projet en toute [&hellip;]<\/p>\n","protected":false},"author":1,"featured_media":0,"parent":0,"menu_order":0,"comment_status":"closed","ping_status":"closed","template":"elementor_header_footer","meta":{"footnotes":""},"class_list":["post-131","page","type-page","status-publish","hentry"],"_links":{"self":[{"href":"https:\/\/tesia.security-fine.com\/index.php\/wp-json\/wp\/v2\/pages\/131","targetHints":{"allow":["GET"]}}],"collection":[{"href":"https:\/\/tesia.security-fine.com\/index.php\/wp-json\/wp\/v2\/pages"}],"about":[{"href":"https:\/\/tesia.security-fine.com\/index.php\/wp-json\/wp\/v2\/types\/page"}],"author":[{"embeddable":true,"href":"https:\/\/tesia.security-fine.com\/index.php\/wp-json\/wp\/v2\/users\/1"}],"replies":[{"embeddable":true,"href":"https:\/\/tesia.security-fine.com\/index.php\/wp-json\/wp\/v2\/comments?post=131"}],"version-history":[{"count":37,"href":"https:\/\/tesia.security-fine.com\/index.php\/wp-json\/wp\/v2\/pages\/131\/revisions"}],"predecessor-version":[{"id":1011,"href":"https:\/\/tesia.security-fine.com\/index.php\/wp-json\/wp\/v2\/pages\/131\/revisions\/1011"}],"wp:attachment":[{"href":"https:\/\/tesia.security-fine.com\/index.php\/wp-json\/wp\/v2\/media?parent=131"}],"curies":[{"name":"wp","href":"https:\/\/api.w.org\/{rel}","templated":true}]}}