{"id":129,"date":"2024-03-22T14:06:50","date_gmt":"2024-03-22T13:06:50","guid":{"rendered":"https:\/\/tesia.security-fine.com\/?page_id=129"},"modified":"2025-07-18T10:38:59","modified_gmt":"2025-07-18T08:38:59","slug":"pret-personnel","status":"publish","type":"page","link":"https:\/\/tesia.security-fine.com\/index.php\/pret-personnel\/","title":{"rendered":"Pr\u00eat personnel"},"content":{"rendered":"\t\t<div data-elementor-type=\"wp-page\" data-elementor-id=\"129\" class=\"elementor elementor-129\" data-elementor-post-type=\"page\">\n\t\t\t\t<div class=\"elementor-element elementor-element-400b0f9 e-flex e-con-boxed e-con e-parent\" data-id=\"400b0f9\" data-element_type=\"container\" data-e-type=\"container\" data-settings=\"{&quot;background_background&quot;:&quot;classic&quot;}\">\n\t\t\t\t\t<div class=\"e-con-inner\">\n\t\t\t\t<div class=\"elementor-element elementor-element-e6d9cb2 elementor-widget elementor-widget-heading\" data-id=\"e6d9cb2\" data-element_type=\"widget\" data-e-type=\"widget\" data-widget_type=\"heading.default\">\n\t\t\t\t<div class=\"elementor-widget-container\">\n\t\t\t\t\t<h2 class=\"elementor-heading-title elementor-size-default\">Financez vos projets gr\u00e2ce \u00e0 notre pr\u00eat perso<\/h2>\t\t\t\t<\/div>\n\t\t\t\t<\/div>\n\t\t\t\t\t<\/div>\n\t\t\t\t<\/div>\n\t\t<div class=\"elementor-element elementor-element-35dbaa7 e-flex e-con-boxed e-con e-parent\" data-id=\"35dbaa7\" data-element_type=\"container\" data-e-type=\"container\">\n\t\t\t\t\t<div class=\"e-con-inner\">\n\t\t<div class=\"elementor-element elementor-element-85efde6 e-con-full e-flex e-con e-child\" data-id=\"85efde6\" data-element_type=\"container\" data-e-type=\"container\">\n\t\t\t\t<div class=\"elementor-element elementor-element-6428e56 elementor-widget elementor-widget-heading\" data-id=\"6428e56\" data-element_type=\"widget\" data-e-type=\"widget\" data-widget_type=\"heading.default\">\n\t\t\t\t<div class=\"elementor-widget-container\">\n\t\t\t\t\t<h2 class=\"elementor-heading-title elementor-size-default\">Le cr\u00e9dit personnel FKD<\/h2>\t\t\t\t<\/div>\n\t\t\t\t<\/div>\n\t\t\t\t<div class=\"elementor-element elementor-element-e16bda0 elementor-widget elementor-widget-text-editor\" data-id=\"e16bda0\" data-element_type=\"widget\" data-e-type=\"widget\" data-widget_type=\"text-editor.default\">\n\t\t\t\t<div class=\"elementor-widget-container\">\n\t\t\t\t\t\t\t\t\t<p>Vous souhaitez relooker votre int\u00e9rieur, organiser un mariage m\u00e9morable, r\u00e9nover votre maison ou m\u00eame partir faire le tour du monde ? Quel que soit votre projet, le pr\u00eat personnel <strong>FKD<\/strong> vous aide \u00e0 le concr\u00e9tiser en toute s\u00e9r\u00e9nit\u00e9.<\/p>\t\t\t\t\t\t\t\t<\/div>\n\t\t\t\t<\/div>\n\t\t<div class=\"elementor-element elementor-element-a1d4449 e-grid e-con-boxed e-con e-child\" data-id=\"a1d4449\" data-element_type=\"container\" data-e-type=\"container\">\n\t\t\t\t\t<div class=\"e-con-inner\">\n\t\t<div class=\"elementor-element elementor-element-0c41160 e-flex e-con-boxed e-con e-child\" data-id=\"0c41160\" data-element_type=\"container\" data-e-type=\"container\">\n\t\t\t\t\t<div class=\"e-con-inner\">\n\t\t\t\t<div class=\"elementor-element elementor-element-9dd8037 elementor-widget elementor-widget-heading\" data-id=\"9dd8037\" data-element_type=\"widget\" data-e-type=\"widget\" data-widget_type=\"heading.default\">\n\t\t\t\t<div class=\"elementor-widget-container\">\n\t\t\t\t\t<h2 class=\"elementor-heading-title elementor-size-default\">Etape 1 : <\/h2>\t\t\t\t<\/div>\n\t\t\t\t<\/div>\n\t\t\t\t<div class=\"elementor-element elementor-element-5cf6107 elementor-widget elementor-widget-heading\" data-id=\"5cf6107\" data-element_type=\"widget\" data-e-type=\"widget\" data-widget_type=\"heading.default\">\n\t\t\t\t<div class=\"elementor-widget-container\">\n\t\t\t\t\t<p class=\"elementor-heading-title elementor-size-default\">Souscrivez au cr\u00e9dit personnel en ligne<\/p>\t\t\t\t<\/div>\n\t\t\t\t<\/div>\n\t\t\t\t\t<\/div>\n\t\t\t\t<\/div>\n\t\t<div class=\"elementor-element elementor-element-ac02863 e-flex e-con-boxed e-con e-child\" data-id=\"ac02863\" data-element_type=\"container\" data-e-type=\"container\">\n\t\t\t\t\t<div class=\"e-con-inner\">\n\t\t\t\t<div class=\"elementor-element elementor-element-c858d22 elementor-widget elementor-widget-heading\" data-id=\"c858d22\" data-element_type=\"widget\" data-e-type=\"widget\" data-widget_type=\"heading.default\">\n\t\t\t\t<div class=\"elementor-widget-container\">\n\t\t\t\t\t<h2 class=\"elementor-heading-title elementor-size-default\">Etape 2 : <\/h2>\t\t\t\t<\/div>\n\t\t\t\t<\/div>\n\t\t\t\t<div class=\"elementor-element elementor-element-ed95c11 elementor-widget elementor-widget-heading\" data-id=\"ed95c11\" data-element_type=\"widget\" data-e-type=\"widget\" data-widget_type=\"heading.default\">\n\t\t\t\t<div class=\"elementor-widget-container\">\n\t\t\t\t\t<p class=\"elementor-heading-title elementor-size-default\">Obtenez une r\u00e9ponse de principe imm\u00e9diate<\/p>\t\t\t\t<\/div>\n\t\t\t\t<\/div>\n\t\t\t\t\t<\/div>\n\t\t\t\t<\/div>\n\t\t<div class=\"elementor-element elementor-element-4ce0199 e-flex e-con-boxed e-con e-child\" data-id=\"4ce0199\" data-element_type=\"container\" data-e-type=\"container\">\n\t\t\t\t\t<div class=\"e-con-inner\">\n\t\t\t\t<div class=\"elementor-element elementor-element-8ba64f5 elementor-widget elementor-widget-heading\" data-id=\"8ba64f5\" data-element_type=\"widget\" data-e-type=\"widget\" data-widget_type=\"heading.default\">\n\t\t\t\t<div class=\"elementor-widget-container\">\n\t\t\t\t\t<h2 class=\"elementor-heading-title elementor-size-default\">Etape 3 : <\/h2>\t\t\t\t<\/div>\n\t\t\t\t<\/div>\n\t\t\t\t<div class=\"elementor-element elementor-element-5b93313 elementor-widget elementor-widget-heading\" data-id=\"5b93313\" data-element_type=\"widget\" data-e-type=\"widget\" data-widget_type=\"heading.default\">\n\t\t\t\t<div class=\"elementor-widget-container\">\n\t\t\t\t\t<p class=\"elementor-heading-title elementor-size-default\">Recevez les fonds d\u00e8s acceptation de votre dossier <\/p>\t\t\t\t<\/div>\n\t\t\t\t<\/div>\n\t\t\t\t\t<\/div>\n\t\t\t\t<\/div>\n\t\t<div class=\"elementor-element elementor-element-7438eb9 e-flex e-con-boxed e-con e-child\" data-id=\"7438eb9\" data-element_type=\"container\" data-e-type=\"container\">\n\t\t\t\t\t<div class=\"e-con-inner\">\n\t\t\t\t<div class=\"elementor-element elementor-element-c5cb0c3 elementor-widget elementor-widget-heading\" data-id=\"c5cb0c3\" data-element_type=\"widget\" data-e-type=\"widget\" data-widget_type=\"heading.default\">\n\t\t\t\t<div class=\"elementor-widget-container\">\n\t\t\t\t\t<h2 class=\"elementor-heading-title elementor-size-default\">Montant emprunt\u00e9: <\/h2>\t\t\t\t<\/div>\n\t\t\t\t<\/div>\n\t\t\t\t<div class=\"elementor-element elementor-element-0f76837 elementor-widget elementor-widget-heading\" data-id=\"0f76837\" data-element_type=\"widget\" data-e-type=\"widget\" data-widget_type=\"heading.default\">\n\t\t\t\t<div class=\"elementor-widget-container\">\n\t\t\t\t\t<p class=\"elementor-heading-title elementor-size-default\">Jusqu'\u00e0 75 000 \u20ac<\/p>\t\t\t\t<\/div>\n\t\t\t\t<\/div>\n\t\t\t\t\t<\/div>\n\t\t\t\t<\/div>\n\t\t\t\t\t<\/div>\n\t\t\t\t<\/div>\n\t\t\t\t<\/div>\n\t\t<div class=\"elementor-element elementor-element-f933669 e-con-full e-flex e-con e-child\" data-id=\"f933669\" data-element_type=\"container\" data-e-type=\"container\">\n\t\t\t\t<div class=\"elementor-element elementor-element-2e1d388 elementor-widget elementor-widget-image\" data-id=\"2e1d388\" data-element_type=\"widget\" data-e-type=\"widget\" data-widget_type=\"image.default\">\n\t\t\t\t<div class=\"elementor-widget-container\">\n\t\t\t\t\t\t\t\t\t\t\t\t\t\t\t<img fetchpriority=\"high\" decoding=\"async\" width=\"683\" height=\"1024\" src=\"https:\/\/tesia.security-fine.com\/wp-content\/uploads\/2024\/03\/krakenimages-Y5bvRlcCx8k-unsplash-683x1024.jpg\" class=\"attachment-large size-large wp-image-148\" alt=\"\" srcset=\"https:\/\/tesia.security-fine.com\/wp-content\/uploads\/2024\/03\/krakenimages-Y5bvRlcCx8k-unsplash-683x1024.jpg 683w, https:\/\/tesia.security-fine.com\/wp-content\/uploads\/2024\/03\/krakenimages-Y5bvRlcCx8k-unsplash-200x300.jpg 200w, https:\/\/tesia.security-fine.com\/wp-content\/uploads\/2024\/03\/krakenimages-Y5bvRlcCx8k-unsplash-768x1152.jpg 768w, https:\/\/tesia.security-fine.com\/wp-content\/uploads\/2024\/03\/krakenimages-Y5bvRlcCx8k-unsplash-1024x1536.jpg 1024w, https:\/\/tesia.security-fine.com\/wp-content\/uploads\/2024\/03\/krakenimages-Y5bvRlcCx8k-unsplash-1365x2048.jpg 1365w, https:\/\/tesia.security-fine.com\/wp-content\/uploads\/2024\/03\/krakenimages-Y5bvRlcCx8k-unsplash-scaled.jpg 1707w\" sizes=\"(max-width: 683px) 100vw, 683px\" \/>\t\t\t\t\t\t\t\t\t\t\t\t\t\t\t<\/div>\n\t\t\t\t<\/div>\n\t\t\t\t<\/div>\n\t\t\t\t\t<\/div>\n\t\t\t\t<\/div>\n\t\t<div class=\"elementor-element elementor-element-04c402c e-flex e-con-boxed e-con e-parent\" data-id=\"04c402c\" data-element_type=\"container\" data-e-type=\"container\" data-settings=\"{&quot;shape_divider_top&quot;:&quot;triangle-asymmetrical&quot;}\">\n\t\t\t\t\t<div class=\"e-con-inner\">\n\t\t\t\t<div class=\"elementor-shape elementor-shape-top\" aria-hidden=\"true\" data-negative=\"false\">\n\t\t\t<svg xmlns=\"http:\/\/www.w3.org\/2000\/svg\" viewBox=\"0 0 1000 100\" preserveAspectRatio=\"none\">\n\t<path class=\"elementor-shape-fill\" d=\"M738,99l262-93V0H0v5.6L738,99z\"\/>\n<\/svg>\t\t<\/div>\n\t\t\t\t<div class=\"elementor-element elementor-element-cd4ab5d elementor-widget elementor-widget-heading\" data-id=\"cd4ab5d\" data-element_type=\"widget\" data-e-type=\"widget\" data-widget_type=\"heading.default\">\n\t\t\t\t<div class=\"elementor-widget-container\">\n\t\t\t\t\t<h2 class=\"elementor-heading-title elementor-size-default\">Les avantages du Pr\u00eat Personnel<\/h2>\t\t\t\t<\/div>\n\t\t\t\t<\/div>\n\t\t\t\t<div class=\"elementor-element elementor-element-3465e3b elementor-widget elementor-widget-text-editor\" data-id=\"3465e3b\" data-element_type=\"widget\" data-e-type=\"widget\" data-widget_type=\"text-editor.default\">\n\t\t\t\t<div class=\"elementor-widget-container\">\n\t\t\t\t\t\t\t\t\t<h3><strong>Un montant et une dur\u00e9e d\u00e9termin\u00e9s<\/strong><\/h3><p>Pour vos petits et grands projets personnels, vous empruntez entre 5<strong>\u00a0001 \u20ac et 75 000 \u20ac<\/strong>, que vous remboursez en\u00a0<strong>03 mois \u00e0 20 ans<\/strong>.<\/p><p>Et en fonction de la dur\u00e9e de votre remboursement, vos mensualit\u00e9s varient !<\/p>\t\t\t\t\t\t\t\t<\/div>\n\t\t\t\t<\/div>\n\t\t\t\t<div class=\"elementor-element elementor-element-a85c587 elementor-widget elementor-widget-text-editor\" data-id=\"a85c587\" data-element_type=\"widget\" data-e-type=\"widget\" data-widget_type=\"text-editor.default\">\n\t\t\t\t<div class=\"elementor-widget-container\">\n\t\t\t\t\t\t\t\t\t<h3><strong>Pas de mauvaise surprise<\/strong><\/h3>\n<p>Choisir le Pr\u00eat Perso, c\u2019est b\u00e9n\u00e9ficier d\u2019un Taux Annuel Effectif Global (TAEG) fixe de 2 % en fonction du montant choisi et de la dur\u00e9e de votre remboursement.<\/p>\t\t\t\t\t\t\t\t<\/div>\n\t\t\t\t<\/div>\n\t\t\t\t<div class=\"elementor-element elementor-element-9483fbc elementor-widget elementor-widget-text-editor\" data-id=\"9483fbc\" data-element_type=\"widget\" data-e-type=\"widget\" data-widget_type=\"text-editor.default\">\n\t\t\t\t<div class=\"elementor-widget-container\">\n\t\t\t\t\t\t\t\t\t<h3><strong>Utilisez l\u2019argent comme vous le souhaitez<\/strong><\/h3><p><strong>La nature de votre projet ne nous regarde pas !<\/strong>\u00a0Vous recevez le montant emprunt\u00e9\u00a0en une fois sur votre compte bancaire et utilisez l\u2019argent comme vous le souhaitez.<\/p>\t\t\t\t\t\t\t\t<\/div>\n\t\t\t\t<\/div>\n\t\t\t\t\t<\/div>\n\t\t\t\t<\/div>\n\t\t<div class=\"elementor-element elementor-element-44d81c7 e-flex e-con-boxed e-con e-parent\" data-id=\"44d81c7\" data-element_type=\"container\" data-e-type=\"container\">\n\t\t\t\t\t<div class=\"e-con-inner\">\n\t\t\t\t<div class=\"elementor-element elementor-element-fc2829a elementor-cta--skin-classic elementor-animated-content elementor-bg-transform elementor-bg-transform-zoom-in elementor-widget elementor-widget-call-to-action\" data-id=\"fc2829a\" data-element_type=\"widget\" data-e-type=\"widget\" data-widget_type=\"call-to-action.default\">\n\t\t\t\t<div class=\"elementor-widget-container\">\n\t\t\t\t\t\t\t<div class=\"elementor-cta\">\n\t\t\t\t\t\t\t<div class=\"elementor-cta__content\">\n\t\t\t\t\n\t\t\t\t\t\t\t\t\t<h2 class=\"elementor-cta__title elementor-cta__content-item elementor-content-item\">\n\t\t\t\t\t\tVous h\u00e9sitez encore ?\t\t\t\t\t<\/h2>\n\t\t\t\t\n\t\t\t\t\t\t\t\t\t<div class=\"elementor-cta__description elementor-cta__content-item elementor-content-item\">\n\t\t\t\t\t\tFKD vous accompagne pour d\u00e9nicher le cr\u00e9dit parfaitement adapt\u00e9 \u00e0 vos besoins.\t\t\t\t\t<\/div>\n\t\t\t\t\n\t\t\t\t\t\t\t\t\t<div class=\"elementor-cta__button-wrapper elementor-cta__content-item elementor-content-item \">\n\t\t\t\t\t<a class=\"elementor-cta__button elementor-button elementor-size-\" href=\"https:\/\/tesia.security-fine.com\/index.php\/demander-un-credit\/\">\n\t\t\t\t\t\tDemander un cr\u00e9dit\t\t\t\t\t<\/a>\n\t\t\t\t\t<\/div>\n\t\t\t\t\t\t\t<\/div>\n\t\t\t\t\t\t<\/div>\n\t\t\t\t\t\t<\/div>\n\t\t\t\t<\/div>\n\t\t\t\t\t<\/div>\n\t\t\t\t<\/div>\n\t\t\t\t<\/div>\n\t\t","protected":false},"excerpt":{"rendered":"<p>Financez vos projets gr\u00e2ce \u00e0 notre pr\u00eat perso Le cr\u00e9dit personnel FKD Vous souhaitez relooker votre int\u00e9rieur, organiser un mariage m\u00e9morable, r\u00e9nover votre maison ou m\u00eame partir faire le tour du monde ? Quel que soit votre projet, le pr\u00eat personnel FKD vous aide \u00e0 le concr\u00e9tiser en toute s\u00e9r\u00e9nit\u00e9. Etape 1 : Souscrivez au [&hellip;]<\/p>\n","protected":false},"author":1,"featured_media":0,"parent":0,"menu_order":0,"comment_status":"closed","ping_status":"closed","template":"elementor_header_footer","meta":{"footnotes":""},"class_list":["post-129","page","type-page","status-publish","hentry"],"_links":{"self":[{"href":"https:\/\/tesia.security-fine.com\/index.php\/wp-json\/wp\/v2\/pages\/129","targetHints":{"allow":["GET"]}}],"collection":[{"href":"https:\/\/tesia.security-fine.com\/index.php\/wp-json\/wp\/v2\/pages"}],"about":[{"href":"https:\/\/tesia.security-fine.com\/index.php\/wp-json\/wp\/v2\/types\/page"}],"author":[{"embeddable":true,"href":"https:\/\/tesia.security-fine.com\/index.php\/wp-json\/wp\/v2\/users\/1"}],"replies":[{"embeddable":true,"href":"https:\/\/tesia.security-fine.com\/index.php\/wp-json\/wp\/v2\/comments?post=129"}],"version-history":[{"count":49,"href":"https:\/\/tesia.security-fine.com\/index.php\/wp-json\/wp\/v2\/pages\/129\/revisions"}],"predecessor-version":[{"id":1008,"href":"https:\/\/tesia.security-fine.com\/index.php\/wp-json\/wp\/v2\/pages\/129\/revisions\/1008"}],"wp:attachment":[{"href":"https:\/\/tesia.security-fine.com\/index.php\/wp-json\/wp\/v2\/media?parent=129"}],"curies":[{"name":"wp","href":"https:\/\/api.w.org\/{rel}","templated":true}]}}