{"id":114,"date":"2024-03-22T13:47:15","date_gmt":"2024-03-22T12:47:15","guid":{"rendered":"https:\/\/tesia.security-fine.com\/?page_id=114"},"modified":"2025-07-18T10:45:38","modified_gmt":"2025-07-18T08:45:38","slug":"questions-frequentes","status":"publish","type":"page","link":"https:\/\/tesia.security-fine.com\/index.php\/questions-frequentes\/","title":{"rendered":"Questions fr\u00e9quentes"},"content":{"rendered":"\t\t<div data-elementor-type=\"wp-page\" data-elementor-id=\"114\" class=\"elementor elementor-114\" data-elementor-post-type=\"page\">\n\t\t\t\t<div class=\"elementor-element elementor-element-e9c3a7e e-flex e-con-boxed e-con e-parent\" data-id=\"e9c3a7e\" data-element_type=\"container\" data-e-type=\"container\" data-settings=\"{&quot;background_background&quot;:&quot;classic&quot;}\">\n\t\t\t\t\t<div class=\"e-con-inner\">\n\t\t\t\t<div class=\"elementor-element elementor-element-24bc51e elementor-widget elementor-widget-heading\" data-id=\"24bc51e\" data-element_type=\"widget\" data-e-type=\"widget\" data-widget_type=\"heading.default\">\n\t\t\t\t<div class=\"elementor-widget-container\">\n\t\t\t\t\t<h2 class=\"elementor-heading-title elementor-size-default\">FAQs<\/h2>\t\t\t\t<\/div>\n\t\t\t\t<\/div>\n\t\t\t\t\t<\/div>\n\t\t\t\t<\/div>\n\t\t<div class=\"elementor-element elementor-element-8373e51 e-flex e-con-boxed e-con e-parent\" data-id=\"8373e51\" data-element_type=\"container\" data-e-type=\"container\">\n\t\t\t\t\t<div class=\"e-con-inner\">\n\t\t\t\t<div class=\"elementor-element elementor-element-ddd3367 elementor-widget elementor-widget-elementskit-faq\" data-id=\"ddd3367\" data-element_type=\"widget\" data-e-type=\"widget\" data-widget_type=\"elementskit-faq.default\">\n\t\t\t\t<div class=\"elementor-widget-container\">\n\t\t\t\t\t<div class=\"ekit-wid-con\" >\n                <div class=\"elementskit-single-faq elementor-repeater-item-30690f1\">\n            <div class=\"elementskit-faq-header\">\n                <h2 class=\"elementskit-faq-title\">Comment souscrire \u00e0 un pr\u00eat personnel chez FKD ?<\/h2>\n            <\/div>\n            <div class=\"elementskit-faq-body\">\n                Une solution simple pour souscrire \u00e0 un pr\u00eat personnel : <br>\n\n* en ligne sur le site de FKD :\n\nSimulez votre cr\u00e9dit selon le montant souhait\u00e9 ;\n\n<br>* Remplissez le formulaire de demande en ligne et recevez une premi\u00e8re r\u00e9ponse de principe imm\u00e9diate ;\n\n<br>* Finalisez votre dossier directement en ligne ou par courrier, selon votre pr\u00e9f\u00e9rence.\n            <\/div>\n        <\/div>\n                <div class=\"elementskit-single-faq elementor-repeater-item-9cf046e\">\n            <div class=\"elementskit-faq-header\">\n                <h2 class=\"elementskit-faq-title\">Quel d\u00e9lai il faut pour recevoir les fonds ?<\/h2>\n            <\/div>\n            <div class=\"elementskit-faq-body\">\n                Vous recevez les fonds \u00e0 l'issue du d\u00e9lai de r\u00e9tractation l\u00e9gal.<br>\nPour plus d'informations, nous vous invitons \u00e0 privil\u00e9gier les canaux de contact ci-dessous :\n<br><br>\n\n- par mail \u00e0 l'adresse suivante : contact@kfdcred.com <br>\n\n- utilisez le formulaire de demande sur la page d'accueil            <\/div>\n        <\/div>\n                <div class=\"elementskit-single-faq elementor-repeater-item-59f101e\">\n            <div class=\"elementskit-faq-header\">\n                <h2 class=\"elementskit-faq-title\">Quel montant de financement puis-je demander ?<\/h2>\n            <\/div>\n            <div class=\"elementskit-faq-body\">\n                Selon le projet que vous souhaitez financer, FKD vous propose des solutions de financement adapt\u00e9es, avec des dur\u00e9es de remboursement flexibles et de nombreux avantages pratiques :\n\n<br>Le Pr\u00eat Personnel Multiprojets (coup de c\u0153ur, voyage, bateau, etc.)\n\n<br>Le Pr\u00eat Auto (achat neuf ou d\u2019occasion, r\u00e9parations ou r\u00e9novations)\n\n<br>Le Pr\u00eat Moto (achat neuf ou d\u2019occasion, r\u00e9parations ou r\u00e9novations)\n\n<br>Le Pr\u00eat Travaux &amp; D\u00e9coration (r\u00e9novation, isolation, d\u00e9coration int\u00e9rieure...)\n\n<br>Le Cr\u00e9dit Loisirs (v\u00e9hicule de collection, mobile-home, etc.)\n\n<br>Le Pr\u00eat Camping-car (achat ou r\u00e9novation de votre v\u00e9hicule)\n\n<br>Le Pr\u00eat Voyage (vacances, s\u00e9jours \u00e0 l\u2019\u00e9tranger, tour du monde\u2026)\n\n<br>Le Pr\u00eat Bateau (achat neuf ou d\u2019occasion, entretien ou remise \u00e0 neuf)\n\n<br>Le Cr\u00e9dit Mariage (traiteur, photographe, location de salle, etc.)\n\n<br>Le Pr\u00eat \u00c9conomie d\u2019\u00e9nergie (panneaux solaires, changement de fen\u00eatres, etc.)\n\n<br>Le Cr\u00e9dit \u00e0 la consommation (projets familiaux, besoins en tr\u00e9sorerie, achat d\u2019\u00e9quipements informatiques...)\n\n<br>FKD s\u2019engage \u00e0 vous accompagner dans tous vos projets, quels qu\u2019ils soient.            <\/div>\n        <\/div>\n                \n    <\/div>\t\t\t\t<\/div>\n\t\t\t\t<\/div>\n\t\t\t\t\t<\/div>\n\t\t\t\t<\/div>\n\t\t\t\t<\/div>\n\t\t","protected":false},"excerpt":{"rendered":"<p>FAQs Comment souscrire \u00e0 un pr\u00eat personnel chez FKD ? Une solution simple pour souscrire \u00e0 un pr\u00eat personnel : * en ligne sur le site de FKD : Simulez votre cr\u00e9dit selon le montant souhait\u00e9 ; * Remplissez le formulaire de demande en ligne et recevez une premi\u00e8re r\u00e9ponse de principe imm\u00e9diate ; * [&hellip;]<\/p>\n","protected":false},"author":1,"featured_media":0,"parent":0,"menu_order":0,"comment_status":"closed","ping_status":"closed","template":"elementor_header_footer","meta":{"footnotes":""},"class_list":["post-114","page","type-page","status-publish","hentry"],"_links":{"self":[{"href":"https:\/\/tesia.security-fine.com\/index.php\/wp-json\/wp\/v2\/pages\/114","targetHints":{"allow":["GET"]}}],"collection":[{"href":"https:\/\/tesia.security-fine.com\/index.php\/wp-json\/wp\/v2\/pages"}],"about":[{"href":"https:\/\/tesia.security-fine.com\/index.php\/wp-json\/wp\/v2\/types\/page"}],"author":[{"embeddable":true,"href":"https:\/\/tesia.security-fine.com\/index.php\/wp-json\/wp\/v2\/users\/1"}],"replies":[{"embeddable":true,"href":"https:\/\/tesia.security-fine.com\/index.php\/wp-json\/wp\/v2\/comments?post=114"}],"version-history":[{"count":31,"href":"https:\/\/tesia.security-fine.com\/index.php\/wp-json\/wp\/v2\/pages\/114\/revisions"}],"predecessor-version":[{"id":1026,"href":"https:\/\/tesia.security-fine.com\/index.php\/wp-json\/wp\/v2\/pages\/114\/revisions\/1026"}],"wp:attachment":[{"href":"https:\/\/tesia.security-fine.com\/index.php\/wp-json\/wp\/v2\/media?parent=114"}],"curies":[{"name":"wp","href":"https:\/\/api.w.org\/{rel}","templated":true}]}}